{"id":88,"date":"2024-11-06T09:40:06","date_gmt":"2024-11-06T02:40:06","guid":{"rendered":"https:\/\/storelocator.phuha.vinawebsite.vn\/?page_id=88"},"modified":"2024-11-06T09:40:06","modified_gmt":"2024-11-06T02:40:06","slug":"pricing","status":"publish","type":"page","link":"https:\/\/storelocator.phuha.vinawebsite.vn\/?page_id=88","title":{"rendered":"Pricing"},"content":{"rendered":"<div class=\"es-wrap\">\n                <div class=\"es-subscriptions-checkout content-font\">\n                                    <h2 class=\"heading-font es-heading-title\">\n                        Select your payment option                    <\/h2>\n\t                                \n                \n                               <div class='es-field es-field__type es-field--radio-bordered es-field--multiple-checks'>\n                                   <div class='es-field-row es-field-row--center'><input type='hidden' name='type' value=''>\n                               <div class='es-field es-field__type es-field--radio-item-bordered '>\n                                   <div class='es-radio--bordered'><input id=\"es-field-type-plans\" name=\"type\" class=\"js-es-switch-payment-type es-field__input es-field__input\" type=\"radio\" value=\"plans\" checked=\"checked\" \/><label for='es-field-type-plans'>\n                                        <span class='es-icon es-icon_check-mark'><\/span><div class='es-field__label'>Choose your plan<\/div><\/label>\n                                  <\/div>\n                               <\/div>\n                           \n                               <div class='es-field es-field__type es-field--radio-item-bordered '>\n                                   <div class='es-radio--bordered'><input id=\"es-field-type-otp\" name=\"type\" class=\"js-es-switch-payment-type es-field__input es-field__input\" type=\"radio\" value=\"otp\" \/><label for='es-field-type-otp'>\n                                        <span class='es-icon es-icon_check-mark'><\/span><div class='es-field__label'>Make a one-time payment<\/div><\/label>\n                                  <\/div>\n                               <\/div>\n                           <\/div>\n                               <\/div>\n                           \t<div class=\"es-otp-container js-es-subscription-container es-hidden\">\n\t\t<form action=\"\" method=\"post\">\n            <input name=\"payment_type\" type=\"hidden\" value=\"otp\"\/>\n            <input name=\"payment_method\" type=\"hidden\" value=\"paypal\"\/>\n            <input type=\"hidden\" id=\"es_submit_payment\" name=\"es_submit_payment\" value=\"1c406b1742\" \/><input type=\"hidden\" name=\"_wp_http_referer\" value=\"\/index.php?rest_route=%2Fwp%2Fv2%2Fpages%2F88\" \/>\t\t\t\n                        <div class='es-field es-field__basic_listings_count es-field--incrementer '>\n                           <label for='es-field-basic_listings_count'><div class='es-field__label-caption'><div class='es-field__label'>Basic listings<\/div><\/div><div class='es-field__incrementer-wrap'><div class='es-incrementer-field js-es-incrementer-field'><button class='js-incrementer-button' data-method='decrement'>-<\/button><input id=\"es-field-basic_listings_count\" name=\"basic_listings_count\" class=\"js-es-basic-listings-count js-es-calculate-total es-field__input\" min=\"1\" data-value-container=\".js-es-basic-total\" data-value-default=\"-\" data-value-suffix=\" x 99.000 \u20ab\" data-price=\"99000\" type=\"number\" value=\"1\" \/><button class='js-incrementer-button' data-method='increment'>+<\/button><\/div><\/div><\/label>\n                        <\/div>\n                    \n\t\t\t<div class=\"es-total-container\">\n\t\t\t\t\t\t\t\t\t<p class=\"es-listings-total\">\n\t\t\t\t\t\t<span>Basic listing<\/span>\n\t\t\t\t\t\t<span class=\"js-es-basic-total\">-<\/span>\n\t\t\t\t\t<\/p>\n\t\t\t\t\t\t\t\t\t\t\t\t\t\t\t\t\t<p class=\"es-listings-total\">\n\t\t\t\t\t\t<span><\/span>\n\t\t\t\t\t\t<span class=\"js-es-free-featured-total\"><\/span>\n\t\t\t\t\t<\/p>\n\t\t\t\t\n                <b class=\"es-total heading-font\">Total: <span class=\"js-es-total\"><\/span><\/b>\n\t\t\t<\/div>\n\n                                                <a href=\"https:\/\/storelocator.phuha.vinawebsite.vn\/?page_id=84&0=redirect_url&1=https%3A%2F%2Fstorelocator.phuha.vinawebsite.vn%2Findex.php%3Frest_route%3D%252Fwp%252Fv2%252Fpages%252F88&auth_item=agent-register-form\" class=\"es-btn es-btn--primary es-btn--buy\">Sign up as agent<\/a>\n                            \t\t<\/form>\n\t<\/div>\n\t<div class=\"es-plans-container js-es-plans-container js-es-subscription-container\">\n\t\t\n                               <div class='es-field es-field__period es-field--switcher '>\n                                   <label for='es-field-period'><div class='es-field__label'>Billed monthly<\/div>\n\t\t\t<input id=\"es-field-period-hidden\" name=\"period\" class=\"es-field__input\" value=\"\" type=\"hidden\" \/>\n\t\t\t<label class='es-switcher '>\n\t\t\t\t<input id=\"es-field-period\" name=\"period\" class=\"js-es-switch-plan-period es-field__input\" value=\"1\" type=\"checkbox\" \/>\n\t\t\t\t<span class='es-switcher-slider es-switcher-slider--round'><\/span>\n\t\t\t<\/label>\n\t\t<p class='es-field__description'>annually<\/p><\/label>\n                               <\/div>\n                           \n\t\t<div class=\"es-pricing\">\n            <div class=\"es-row-names\">\n                <div class=\"es-row-name es-row-name--basic\">\n                    <b>Basic listings<\/b>\n                <\/div>\n                <div class=\"es-row-name es-row-name--featured\">\n                    <b>Featured listings<\/b>\n                                    <\/div>\n            <\/div>\n            <div class=\"es-plans-list\">\n                                    <div class=\"es-plan js-es-plan es-plan--monthly-active es-plan--has-label es-plan--has-annual-price es-plan--has-monthly-price\" >\n                        <div class=\"es-plan__head\">\n                                                            <div class=\"es-badge\" style=\"background-color: #ffb300\">\n                                    th\u01b0\u1eddng                                <\/div>\n                                                        <h3 class=\"es-plan__title heading-font\">Th\u01b0\u1eddng<\/h3>\n\n                                                            <b class=\"es-plan__price\">Totally free<\/b>\n                                                    <\/div>\n\n                        <div class=\"es-plan__content\">\n                                                            <div class=\"es-plan__listings-count es-plan__listings-count--basic\">\n                                                                            <span class=\"es-plan__listings-count-inner\">\n                                            5                                        <\/span>\n                                        <span class=\"es-plan__listings-count-inner--mobile\">\n                                            5 basic listing                                        <\/span>\n                                                                    <\/div>\n                                                            <div class=\"es-plan__listings-count es-plan__listings-count--featured\">\n                                                                            <span class=\"es-plan__listings-count-inner\">\n                                            1                                        <\/span>\n                                        <span class=\"es-plan__listings-count-inner--mobile\">\n                                            1 featured listing                                        <\/span>\n                                                                    <\/div>\n                                                    <\/div>\n\n                        <div class=\"es-plan__footer\">\n                                                            <a href=\"https:\/\/storelocator.phuha.vinawebsite.vn\/?page_id=84&redirect_url=https%3A%2F%2Fstorelocator.phuha.vinawebsite.vn%2Findex.php%3Frest_route%3D%252Fwp%252Fv2%252Fpages%252F88&auth_item=agent-register-form\"\n                                   class=\"es-btn es-btn--buy es-plan__buy--monthly es-btn--secondary es-btn--bordered\">\n\t                                \t\t                                Sign up as agent\t                                                                <\/a>\n                            \n                                                            <a href=\"https:\/\/storelocator.phuha.vinawebsite.vn\/?page_id=84&0=redirect_url&1=https%3A%2F%2Fstorelocator.phuha.vinawebsite.vn%2Findex.php%3Frest_route%3D%252Fwp%252Fv2%252Fpages%252F88&auth_item=agent-register-form\"\n                                   class=\"es-btn es-btn--buy es-plan__buy--annual es-btn--secondary es-btn--bordered\">\n                                                                            Sign up as agent                                                                    <\/a>\n                            \n                                                    <\/div>\n                    <\/div>\n                                    <div class=\"es-plan js-es-plan es-plan--monthly-active es-plan--has-label es-plan--highlighted es-plan--has-annual-price es-plan--has-monthly-price\" style='background-color: #ffe0e0'>\n                        <div class=\"es-plan__head\">\n                                                            <div class=\"es-badge\" style=\"background-color: #ff0000\">\n                                    Recommend                                <\/div>\n                                                        <h3 class=\"es-plan__title heading-font\">Pro<\/h3>\n\n                                                                                                                                        <b class=\"js-es-plan__price es-plan__price es-plan__price--monthly\">\n                                            99.000 \u20ab \/ mo                                        <\/b>\n                                                                                                                                                <b class=\"js-es-plan__price es-plan__price es-plan__price--annual\">\n                                            1.000.000 \u20ab \/ year                                        <\/b>\n                                                                                                                        <\/div>\n\n                        <div class=\"es-plan__content\">\n                                                            <div class=\"es-plan__listings-count es-plan__listings-count--basic\">\n                                                                            <span class=\"es-plan__listings-count-inner\">\n                                            Unlimited                                        <\/span>\n                                        <span class=\"es-plan__listings-count-inner--mobile\">\n                                            Unlimited basic listings                                        <\/span>\n                                                                    <\/div>\n                                                            <div class=\"es-plan__listings-count es-plan__listings-count--featured\">\n                                                                            <span class=\"es-plan__listings-count-inner\">\n                                            Unlimited                                        <\/span>\n                                        <span class=\"es-plan__listings-count-inner--mobile\">\n                                            Unlimited featured listings                                        <\/span>\n                                                                    <\/div>\n                                                    <\/div>\n\n                        <div class=\"es-plan__footer\">\n                                                            <a href=\"https:\/\/storelocator.phuha.vinawebsite.vn\/?page_id=84&redirect_url=https%3A%2F%2Fstorelocator.phuha.vinawebsite.vn%2Findex.php%3Frest_route%3D%252Fwp%252Fv2%252Fpages%252F88&auth_item=agent-register-form\"\n                                   class=\"es-btn es-btn--buy es-plan__buy--monthly es-btn--secondary es-btn--bordered\">\n\t                                \t\t                                Sign up as agent\t                                                                <\/a>\n                            \n                                                            <a href=\"https:\/\/storelocator.phuha.vinawebsite.vn\/?page_id=84&0=redirect_url&1=https%3A%2F%2Fstorelocator.phuha.vinawebsite.vn%2Findex.php%3Frest_route%3D%252Fwp%252Fv2%252Fpages%252F88&auth_item=agent-register-form\"\n                                   class=\"es-btn es-btn--buy es-plan__buy--annual es-btn--secondary es-btn--bordered\">\n                                                                            Sign up as agent                                                                    <\/a>\n                            \n                                                            <p class=\"es-plan__caption\">\n                                    M\u00fac \u0111i anh \u00eai                                <\/p>\n                                                    <\/div>\n                    <\/div>\n                            <\/div>\n\t\t<\/div>\n\t<\/div>\n            <\/div>\n        <\/div>\n\n","protected":false},"excerpt":{"rendered":"","protected":false},"author":1,"featured_media":0,"parent":0,"menu_order":0,"comment_status":"closed","ping_status":"closed","template":"","meta":{"footnotes":""},"class_list":["post-88","page","type-page","status-publish","hentry"],"acf":[],"_links":{"self":[{"href":"https:\/\/storelocator.phuha.vinawebsite.vn\/index.php?rest_route=\/wp\/v2\/pages\/88","targetHints":{"allow":["GET"]}}],"collection":[{"href":"https:\/\/storelocator.phuha.vinawebsite.vn\/index.php?rest_route=\/wp\/v2\/pages"}],"about":[{"href":"https:\/\/storelocator.phuha.vinawebsite.vn\/index.php?rest_route=\/wp\/v2\/types\/page"}],"author":[{"embeddable":true,"href":"https:\/\/storelocator.phuha.vinawebsite.vn\/index.php?rest_route=\/wp\/v2\/users\/1"}],"replies":[{"embeddable":true,"href":"https:\/\/storelocator.phuha.vinawebsite.vn\/index.php?rest_route=%2Fwp%2Fv2%2Fcomments&post=88"}],"version-history":[{"count":0,"href":"https:\/\/storelocator.phuha.vinawebsite.vn\/index.php?rest_route=\/wp\/v2\/pages\/88\/revisions"}],"wp:attachment":[{"href":"https:\/\/storelocator.phuha.vinawebsite.vn\/index.php?rest_route=%2Fwp%2Fv2%2Fmedia&parent=88"}],"curies":[{"name":"wp","href":"https:\/\/api.w.org\/{rel}","templated":true}]}}